{"id":1404,"date":"2021-02-04T03:15:12","date_gmt":"2021-02-04T03:15:12","guid":{"rendered":"http:\/\/tiradentes.net\/01\/?page_id=1404"},"modified":"2021-02-04T04:22:09","modified_gmt":"2021-02-04T04:22:09","slug":"divulgacao","status":"publish","type":"page","link":"https:\/\/tiradentes.net\/01\/divulgacao\/","title":{"rendered":"Divulga\u00e7\u00e3o"},"content":{"rendered":"<h3>Ol\u00e1, propriet\u00e1rio de empresa!\u00a0Divulgue seus produtos e servi\u00e7os relacionados a cidade de Tiradentes.MG e regi\u00e3o<\/h3>\n<p><img loading=\"lazy\" src=\"https:\/\/tiradentes.net\/imagens\/tiradentes-com-note.jpg\" width=\"244\" height=\"200\" align=\"right\" border=\"0\" vspace=\"8\" \/>Seja parceiro do TIRADENTES.NET e divulgue seus produtos e servi\u00e7os no portal mais completo, atualizado e visitado da cidade hist\u00f3rica mineira<\/p>\n<p>O<b> Tiradentes.net<\/b> recebe mais de 150.000 visitantes em seu site por ano (2020). Temos um amplo p\u00fablico de turistas mais jovens e mais velhos visitando nosso site em busca de informa\u00e7\u00f5es sobre Tiradentes-MG. Nos \u00faltimos anos recebemos muitas perguntas sobre eventos, coisas para fazer em um determinado m\u00eas, melhores restaurantes , melhores endere\u00e7os de compras, dicas de hospedagem, etc.<\/p>\n<h3>Diret\u00f3rio de Turismo de Tiradentes-MG<\/h3>\n<p>Por isso, implementamos um Guia de Turismo em nosso site.\u00a0Em <strong>Tiradentes.net<\/strong> voc\u00ea pode:<br \/>\n&#8211; adicionar novas listagens gratuitas (e pagas) no diret\u00f3rio tur\u00edstico em diferentes categorias<br \/>\n&#8211; reivindicar sua listagem existente e atualizar para uma listagem paga para melhor exposi\u00e7\u00e3o<\/p>\n<p><strong><em><a href=\"https:\/\/tiradentes.net\/01\/divulgacao\/planos-de-divulgacao\/\">Clique aqui e confira nossos planos dispon\u00edveis para divulga\u00e7\u00e3o<\/a><\/em><\/strong><\/p>\n<p>&nbsp;<\/p>\n","protected":false},"excerpt":{"rendered":"<p>Ol\u00e1, propriet\u00e1rio de empresa!\u00a0Divulgue seus produtos e servi\u00e7os relacionados a cidade de Tiradentes.MG e regi\u00e3o Seja parceiro do TIRADENTES.NET e divulgue seus produtos e servi\u00e7os no portal mais completo, atualizado e visitado da cidade hist\u00f3rica mineira O Tiradentes.net recebe mais de 150.000 visitantes em seu site por ano (2020). Temos<\/p>\n","protected":false},"author":1,"featured_media":0,"parent":0,"menu_order":0,"comment_status":"closed","ping_status":"closed","template":"","meta":{"_mi_skip_tracking":false},"yoast_head":"<!-- This site is optimized with the Yoast SEO plugin v19.6.1 - https:\/\/yoast.com\/wordpress\/plugins\/seo\/ -->\n<title>Divulga\u00e7\u00e3o - Tiradentes.Net: o portal de Tiradentes-MG e regi\u00e3o<\/title>\n<meta name=\"robots\" content=\"index, follow, max-snippet:-1, max-image-preview:large, max-video-preview:-1\" \/>\n<link rel=\"canonical\" href=\"https:\/\/tiradentes.net\/01\/divulgacao\/\" \/>\n<meta property=\"og:locale\" content=\"pt_BR\" \/>\n<meta property=\"og:type\" content=\"article\" \/>\n<meta property=\"og:title\" content=\"Divulga\u00e7\u00e3o - Tiradentes.Net: o portal de Tiradentes-MG e regi\u00e3o\" \/>\n<meta property=\"og:description\" content=\"Ol\u00e1, propriet\u00e1rio de empresa!\u00a0Divulgue seus produtos e servi\u00e7os relacionados a cidade de Tiradentes.MG e regi\u00e3o Seja parceiro do TIRADENTES.NET e divulgue seus produtos e servi\u00e7os no portal mais completo, atualizado e visitado da cidade hist\u00f3rica mineira O Tiradentes.net recebe mais de 150.000 visitantes em seu site por ano (2020). Temos\" \/>\n<meta property=\"og:url\" content=\"https:\/\/tiradentes.net\/01\/divulgacao\/\" \/>\n<meta property=\"og:site_name\" content=\"Tiradentes.Net: o portal de Tiradentes-MG e regi\u00e3o\" \/>\n<meta property=\"article:modified_time\" content=\"2021-02-04T04:22:09+00:00\" \/>\n<meta property=\"og:image\" content=\"https:\/\/tiradentes.net\/imagens\/tiradentes-com-note.jpg\" \/>\n<meta name=\"twitter:card\" content=\"summary_large_image\" \/>\n<meta name=\"twitter:label1\" content=\"Est. tempo de leitura\" \/>\n\t<meta name=\"twitter:data1\" content=\"1 minuto\" \/>\n<script type=\"application\/ld+json\" class=\"yoast-schema-graph\">{\"@context\":\"https:\/\/schema.org\",\"@graph\":[{\"@type\":\"WebPage\",\"@id\":\"https:\/\/tiradentes.net\/01\/divulgacao\/\",\"url\":\"https:\/\/tiradentes.net\/01\/divulgacao\/\",\"name\":\"Divulga\u00e7\u00e3o - Tiradentes.Net: o portal de Tiradentes-MG e regi\u00e3o\",\"isPartOf\":{\"@id\":\"https:\/\/tiradentes.net\/01\/#website\"},\"datePublished\":\"2021-02-04T03:15:12+00:00\",\"dateModified\":\"2021-02-04T04:22:09+00:00\",\"breadcrumb\":{\"@id\":\"https:\/\/tiradentes.net\/01\/divulgacao\/#breadcrumb\"},\"inLanguage\":\"pt-BR\",\"potentialAction\":[{\"@type\":\"ReadAction\",\"target\":[\"https:\/\/tiradentes.net\/01\/divulgacao\/\"]}]},{\"@type\":\"BreadcrumbList\",\"@id\":\"https:\/\/tiradentes.net\/01\/divulgacao\/#breadcrumb\",\"itemListElement\":[{\"@type\":\"ListItem\",\"position\":1,\"name\":\"In\u00edcio\",\"item\":\"https:\/\/tiradentes.net\/01\/\"},{\"@type\":\"ListItem\",\"position\":2,\"name\":\"Divulga\u00e7\u00e3o\"}]},{\"@type\":\"WebSite\",\"@id\":\"https:\/\/tiradentes.net\/01\/#website\",\"url\":\"https:\/\/tiradentes.net\/01\/\",\"name\":\"Tiradentes.Net: o portal de Tiradentes-MG e regi\u00e3o\",\"description\":\"Tudo sobre Tiradentes-MG e regi\u00e3o. Not\u00edcias e informa\u00e7\u00f5es para planejar sua viagem: Hot\u00e9is e pousadas, restaurantes, atra\u00e7\u00f5es, com\u00e9rcio e servi\u00e7os relaicionados \u00e0 Tiradentes-MG e regi\u00e3o\",\"publisher\":{\"@id\":\"https:\/\/tiradentes.net\/01\/#organization\"},\"potentialAction\":[{\"@type\":\"SearchAction\",\"target\":{\"@type\":\"EntryPoint\",\"urlTemplate\":\"https:\/\/tiradentes.net\/01\/?s={search_term_string}\"},\"query-input\":\"required name=search_term_string\"}],\"inLanguage\":\"pt-BR\"},{\"@type\":\"Organization\",\"@id\":\"https:\/\/tiradentes.net\/01\/#organization\",\"name\":\"Tiradentes.Net: o portal de Tiradentes-MG e regi\u00e3o\",\"url\":\"https:\/\/tiradentes.net\/01\/\",\"sameAs\":[],\"logo\":{\"@type\":\"ImageObject\",\"inLanguage\":\"pt-BR\",\"@id\":\"https:\/\/tiradentes.net\/01\/#\/schema\/logo\/image\/\",\"url\":\"https:\/\/tiradentes.net\/01\/wp-content\/uploads\/2021\/01\/LOGO2.png\",\"contentUrl\":\"https:\/\/tiradentes.net\/01\/wp-content\/uploads\/2021\/01\/LOGO2.png\",\"width\":250,\"height\":185,\"caption\":\"Tiradentes.Net: o portal de Tiradentes-MG e regi\u00e3o\"},\"image\":{\"@id\":\"https:\/\/tiradentes.net\/01\/#\/schema\/logo\/image\/\"}}]}<\/script>\n<!-- \/ Yoast SEO plugin. -->","yoast_head_json":{"title":"Divulga\u00e7\u00e3o - Tiradentes.Net: o portal de Tiradentes-MG e regi\u00e3o","robots":{"index":"index","follow":"follow","max-snippet":"max-snippet:-1","max-image-preview":"max-image-preview:large","max-video-preview":"max-video-preview:-1"},"canonical":"https:\/\/tiradentes.net\/01\/divulgacao\/","og_locale":"pt_BR","og_type":"article","og_title":"Divulga\u00e7\u00e3o - Tiradentes.Net: o portal de Tiradentes-MG e regi\u00e3o","og_description":"Ol\u00e1, propriet\u00e1rio de empresa!\u00a0Divulgue seus produtos e servi\u00e7os relacionados a cidade de Tiradentes.MG e regi\u00e3o Seja parceiro do TIRADENTES.NET e divulgue seus produtos e servi\u00e7os no portal mais completo, atualizado e visitado da cidade hist\u00f3rica mineira O Tiradentes.net recebe mais de 150.000 visitantes em seu site por ano (2020). Temos","og_url":"https:\/\/tiradentes.net\/01\/divulgacao\/","og_site_name":"Tiradentes.Net: o portal de Tiradentes-MG e regi\u00e3o","article_modified_time":"2021-02-04T04:22:09+00:00","og_image":[{"url":"https:\/\/tiradentes.net\/imagens\/tiradentes-com-note.jpg"}],"twitter_card":"summary_large_image","twitter_misc":{"Est. tempo de leitura":"1 minuto"},"schema":{"@context":"https:\/\/schema.org","@graph":[{"@type":"WebPage","@id":"https:\/\/tiradentes.net\/01\/divulgacao\/","url":"https:\/\/tiradentes.net\/01\/divulgacao\/","name":"Divulga\u00e7\u00e3o - Tiradentes.Net: o portal de Tiradentes-MG e regi\u00e3o","isPartOf":{"@id":"https:\/\/tiradentes.net\/01\/#website"},"datePublished":"2021-02-04T03:15:12+00:00","dateModified":"2021-02-04T04:22:09+00:00","breadcrumb":{"@id":"https:\/\/tiradentes.net\/01\/divulgacao\/#breadcrumb"},"inLanguage":"pt-BR","potentialAction":[{"@type":"ReadAction","target":["https:\/\/tiradentes.net\/01\/divulgacao\/"]}]},{"@type":"BreadcrumbList","@id":"https:\/\/tiradentes.net\/01\/divulgacao\/#breadcrumb","itemListElement":[{"@type":"ListItem","position":1,"name":"In\u00edcio","item":"https:\/\/tiradentes.net\/01\/"},{"@type":"ListItem","position":2,"name":"Divulga\u00e7\u00e3o"}]},{"@type":"WebSite","@id":"https:\/\/tiradentes.net\/01\/#website","url":"https:\/\/tiradentes.net\/01\/","name":"Tiradentes.Net: o portal de Tiradentes-MG e regi\u00e3o","description":"Tudo sobre Tiradentes-MG e regi\u00e3o. Not\u00edcias e informa\u00e7\u00f5es para planejar sua viagem: Hot\u00e9is e pousadas, restaurantes, atra\u00e7\u00f5es, com\u00e9rcio e servi\u00e7os relaicionados \u00e0 Tiradentes-MG e regi\u00e3o","publisher":{"@id":"https:\/\/tiradentes.net\/01\/#organization"},"potentialAction":[{"@type":"SearchAction","target":{"@type":"EntryPoint","urlTemplate":"https:\/\/tiradentes.net\/01\/?s={search_term_string}"},"query-input":"required name=search_term_string"}],"inLanguage":"pt-BR"},{"@type":"Organization","@id":"https:\/\/tiradentes.net\/01\/#organization","name":"Tiradentes.Net: o portal de Tiradentes-MG e regi\u00e3o","url":"https:\/\/tiradentes.net\/01\/","sameAs":[],"logo":{"@type":"ImageObject","inLanguage":"pt-BR","@id":"https:\/\/tiradentes.net\/01\/#\/schema\/logo\/image\/","url":"https:\/\/tiradentes.net\/01\/wp-content\/uploads\/2021\/01\/LOGO2.png","contentUrl":"https:\/\/tiradentes.net\/01\/wp-content\/uploads\/2021\/01\/LOGO2.png","width":250,"height":185,"caption":"Tiradentes.Net: o portal de Tiradentes-MG e regi\u00e3o"},"image":{"@id":"https:\/\/tiradentes.net\/01\/#\/schema\/logo\/image\/"}}]}},"_links":{"self":[{"href":"https:\/\/tiradentes.net\/01\/wp-json\/wp\/v2\/pages\/1404"}],"collection":[{"href":"https:\/\/tiradentes.net\/01\/wp-json\/wp\/v2\/pages"}],"about":[{"href":"https:\/\/tiradentes.net\/01\/wp-json\/wp\/v2\/types\/page"}],"author":[{"embeddable":true,"href":"https:\/\/tiradentes.net\/01\/wp-json\/wp\/v2\/users\/1"}],"replies":[{"embeddable":true,"href":"https:\/\/tiradentes.net\/01\/wp-json\/wp\/v2\/comments?post=1404"}],"version-history":[{"count":0,"href":"https:\/\/tiradentes.net\/01\/wp-json\/wp\/v2\/pages\/1404\/revisions"}],"wp:attachment":[{"href":"https:\/\/tiradentes.net\/01\/wp-json\/wp\/v2\/media?parent=1404"}],"curies":[{"name":"wp","href":"https:\/\/api.w.org\/{rel}","templated":true}]}}