{"id":406,"date":"2018-11-15T09:11:41","date_gmt":"2018-11-15T09:11:41","guid":{"rendered":"https:\/\/demo.everestthemes.com\/everestnews\/demo\/everest-news-pro-i\/?page_id=406"},"modified":"2021-02-04T03:39:11","modified_gmt":"2021-02-04T03:39:11","slug":"contact-us","status":"publish","type":"page","link":"https:\/\/tiradentes.net\/01\/contact-us\/","title":{"rendered":"Entre em contato"},"content":{"rendered":"<noscript class=\"ninja-forms-noscript-message\">\n    Aviso: O JavaScript \u00e9 necess\u00e1rio para esse conte\u00fado.<\/noscript><div id=\"nf-form-2-cont\" class=\"nf-form-cont\" aria-live=\"polite\" aria-labelledby=\"nf-form-title-2\" aria-describedby=\"nf-form-errors-2\" role=\"form\">\n\n    <div class=\"nf-loading-spinner\"><\/div>\n\n<\/div>\n        <!-- TODO: Move to Template File. -->\n        <script>var formDisplay=1;var nfForms=nfForms||[];var form=[];form.id='2';form.settings={\"objectType\":\"Form Setting\",\"editActive\":true,\"title\":\"Entre em conato\",\"show_title\":1,\"allow_public_link\":0,\"embed_form\":\"\",\"clear_complete\":1,\"hide_complete\":1,\"default_label_pos\":\"above\",\"wrapper_class\":\"\",\"element_class\":\"\",\"key\":\"\",\"add_submit\":0,\"changeEmailErrorMsg\":\"Digite um endere\\u00e7o de e-mail v\\u00e1lido!\",\"changeDateErrorMsg\":\"Digite uma data v\\u00e1lida!\",\"confirmFieldErrorMsg\":\"Estes campos devem corresponder!\",\"fieldNumberNumMinError\":\"Erro no n\\u00famero m\\u00ednimo\",\"fieldNumberNumMaxError\":\"Erro no n\\u00famero m\\u00e1ximo\",\"fieldNumberIncrementBy\":\"Incremente por \",\"formErrorsCorrectErrors\":\"Corrija os erros antes de enviar este formul\\u00e1rio.\",\"validateRequiredField\":\"Este campo \\u00e9 obrigat\\u00f3rio.\",\"honeypotHoneypotError\":\"Erro do Honeypot\",\"fieldsMarkedRequired\":\"Campos marcados com <span class=\\\"ninja-forms-req-symbol\\\">*<\\\/span> s\\u00e3o requeridos\",\"currency\":\"\",\"unique_field_error\":\"Um formul\\u00e1rio com este valor j\\u00e1 foi enviado.\",\"logged_in\":false,\"not_logged_in_msg\":\"\",\"sub_limit_msg\":\"O formul\\u00e1rio atingiu seu limite de envio.\",\"calculations\":[],\"formContentData\":[\"nome_1612409803115\",\"email_1612409766641\",\"mensagem_1612409812313\",\"enviar_1612409849099\"],\"drawerDisabled\":false,\"ninjaForms\":\"Ninja Forms\",\"fieldTextareaRTEInsertLink\":\"Insira o Link\",\"fieldTextareaRTEInsertMedia\":\"Inserir m\\u00eddia\",\"fieldTextareaRTESelectAFile\":\"Selecionar Arquivo\",\"formHoneypot\":\"Se voc\\u00ea for um humano, deixe este campo em branco.\",\"fileUploadOldCodeFileUploadInProgress\":\"Upload de arquivo em andamento.\",\"fileUploadOldCodeFileUpload\":\"UPLOAD DE ARQUIVO\",\"currencySymbol\":false,\"thousands_sep\":\".\",\"decimal_point\":\",\",\"siteLocale\":\"pt_BR\",\"dateFormat\":\"m\\\/d\\\/Y\",\"startOfWeek\":\"0\",\"of\":\"de\",\"previousMonth\":\"M\\u00eas anterior\",\"nextMonth\":\"Pr\\u00f3ximo m\\u00eas\",\"months\":[\"Janeiro\",\"Fevereiro\",\"Mar\\u00e7o\",\"Abril\",\"Maio\",\"Junho\",\"Julho\",\"Agosto\",\"Setembro\",\"Outubro\",\"Novembro\",\"Dezembro\"],\"monthsShort\":[\"Jan\",\"Fev\",\"Mar\",\"Abr\",\"Maio\",\"Jun\",\"Jul\",\"Ago\",\"Set\",\"Out\",\"Nov\",\"Dez\"],\"weekdays\":[\"Domingo\",\"Segunda-feira\",\"Ter\\u00e7a-feira\",\"Quarta-feira\",\"Quinta-feira\",\"Sexta-feira\",\"S\\u00e1bado\"],\"weekdaysShort\":[\"Dom\",\"Seg\",\"Ter\",\"Qua\",\"Qui\",\"Sex\",\"Sat\"],\"weekdaysMin\":[\"Su\",\"Mo\",\"Tu\",\"We\",\"Th\",\"Fr\",\"Sa\"],\"currency_symbol\":\"\",\"beforeForm\":\"\",\"beforeFields\":\"\",\"afterFields\":\"\",\"afterForm\":\"\"};form.fields=[{\"objectType\":\"Field\",\"objectDomain\":\"fields\",\"editActive\":false,\"order\":999,\"type\":\"firstname\",\"label\":\"Nome\",\"key\":\"nome_1612409803115\",\"label_pos\":\"above\",\"required\":1,\"default\":\"\",\"placeholder\":\"\",\"container_class\":\"\",\"element_class\":\"\",\"admin_label\":\"\",\"help_text\":\"\",\"custom_name_attribute\":\"fname\",\"personally_identifiable\":1,\"value\":\"\",\"id\":5,\"beforeField\":\"\",\"afterField\":\"\",\"parentType\":\"firstname\",\"element_templates\":[\"firstname\",\"input\"],\"old_classname\":\"\",\"wrap_template\":\"wrap\"},{\"objectType\":\"Field\",\"objectDomain\":\"fields\",\"editActive\":false,\"order\":999,\"type\":\"email\",\"label\":\"E-mail\",\"key\":\"email_1612409766641\",\"label_pos\":\"above\",\"required\":1,\"default\":\"\",\"placeholder\":\"\",\"container_class\":\"\",\"element_class\":\"\",\"admin_label\":\"\",\"help_text\":\"\",\"custom_name_attribute\":\"email\",\"personally_identifiable\":1,\"value\":\"\",\"drawerDisabled\":false,\"id\":6,\"beforeField\":\"\",\"afterField\":\"\",\"parentType\":\"email\",\"element_templates\":[\"email\",\"input\"],\"old_classname\":\"\",\"wrap_template\":\"wrap\"},{\"objectType\":\"Field\",\"objectDomain\":\"fields\",\"editActive\":false,\"order\":999,\"type\":\"textarea\",\"label\":\"Mensagem\",\"key\":\"mensagem_1612409812313\",\"label_pos\":\"above\",\"required\":1,\"default\":\"\",\"placeholder\":\"\",\"container_class\":\"\",\"element_class\":\"\",\"input_limit\":\"\",\"input_limit_type\":\"characters\",\"input_limit_msg\":\"Caractere(s) restante(s)\",\"manual_key\":false,\"admin_label\":\"\",\"help_text\":\"\",\"textarea_rte\":\"\",\"disable_rte_mobile\":\"\",\"textarea_media\":\"\",\"value\":\"\",\"id\":7,\"beforeField\":\"\",\"afterField\":\"\",\"parentType\":\"textarea\",\"element_templates\":[\"textarea\",\"input\"],\"old_classname\":\"\",\"wrap_template\":\"wrap\"},{\"objectType\":\"Field\",\"objectDomain\":\"fields\",\"editActive\":false,\"order\":999,\"type\":\"submit\",\"label\":\"Enviar\",\"processing_label\":\"Processando\",\"container_class\":\"\",\"element_class\":\"\",\"key\":\"enviar_1612409849099\",\"drawerDisabled\":false,\"id\":8,\"beforeField\":\"\",\"afterField\":\"\",\"value\":\"\",\"label_pos\":\"above\",\"parentType\":\"textbox\",\"element_templates\":[\"submit\",\"button\",\"input\"],\"old_classname\":\"\",\"wrap_template\":\"wrap-no-label\"}];nfForms.push(form);<\/script>\n        \n","protected":false},"excerpt":{"rendered":"","protected":false},"author":1,"featured_media":0,"parent":0,"menu_order":0,"comment_status":"closed","ping_status":"closed","template":"","meta":{"_mi_skip_tracking":false},"yoast_head":"<!-- This site is optimized with the Yoast SEO plugin v19.6.1 - https:\/\/yoast.com\/wordpress\/plugins\/seo\/ -->\n<title>Entre em contato - Tiradentes.Net: o portal de Tiradentes-MG e regi\u00e3o<\/title>\n<meta name=\"robots\" content=\"index, follow, max-snippet:-1, max-image-preview:large, max-video-preview:-1\" \/>\n<link rel=\"canonical\" href=\"https:\/\/tiradentes.net\/01\/contact-us\/\" \/>\n<meta property=\"og:locale\" content=\"pt_BR\" \/>\n<meta property=\"og:type\" content=\"article\" \/>\n<meta property=\"og:title\" content=\"Entre em contato - Tiradentes.Net: o portal de Tiradentes-MG e regi\u00e3o\" \/>\n<meta property=\"og:url\" content=\"https:\/\/tiradentes.net\/01\/contact-us\/\" \/>\n<meta property=\"og:site_name\" content=\"Tiradentes.Net: o portal de Tiradentes-MG e regi\u00e3o\" \/>\n<meta property=\"article:modified_time\" content=\"2021-02-04T03:39:11+00:00\" \/>\n<meta name=\"twitter:card\" content=\"summary_large_image\" \/>\n<script type=\"application\/ld+json\" class=\"yoast-schema-graph\">{\"@context\":\"https:\/\/schema.org\",\"@graph\":[{\"@type\":\"WebPage\",\"@id\":\"https:\/\/tiradentes.net\/01\/contact-us\/\",\"url\":\"https:\/\/tiradentes.net\/01\/contact-us\/\",\"name\":\"Entre em contato - Tiradentes.Net: o portal de Tiradentes-MG e regi\u00e3o\",\"isPartOf\":{\"@id\":\"https:\/\/tiradentes.net\/01\/#website\"},\"datePublished\":\"2018-11-15T09:11:41+00:00\",\"dateModified\":\"2021-02-04T03:39:11+00:00\",\"breadcrumb\":{\"@id\":\"https:\/\/tiradentes.net\/01\/contact-us\/#breadcrumb\"},\"inLanguage\":\"pt-BR\",\"potentialAction\":[{\"@type\":\"ReadAction\",\"target\":[\"https:\/\/tiradentes.net\/01\/contact-us\/\"]}]},{\"@type\":\"BreadcrumbList\",\"@id\":\"https:\/\/tiradentes.net\/01\/contact-us\/#breadcrumb\",\"itemListElement\":[{\"@type\":\"ListItem\",\"position\":1,\"name\":\"In\u00edcio\",\"item\":\"https:\/\/tiradentes.net\/01\/\"},{\"@type\":\"ListItem\",\"position\":2,\"name\":\"Entre em contato\"}]},{\"@type\":\"WebSite\",\"@id\":\"https:\/\/tiradentes.net\/01\/#website\",\"url\":\"https:\/\/tiradentes.net\/01\/\",\"name\":\"Tiradentes.Net: o portal de Tiradentes-MG e regi\u00e3o\",\"description\":\"Tudo sobre Tiradentes-MG e regi\u00e3o. Not\u00edcias e informa\u00e7\u00f5es para planejar sua viagem: Hot\u00e9is e pousadas, restaurantes, atra\u00e7\u00f5es, com\u00e9rcio e servi\u00e7os relaicionados \u00e0 Tiradentes-MG e regi\u00e3o\",\"publisher\":{\"@id\":\"https:\/\/tiradentes.net\/01\/#organization\"},\"potentialAction\":[{\"@type\":\"SearchAction\",\"target\":{\"@type\":\"EntryPoint\",\"urlTemplate\":\"https:\/\/tiradentes.net\/01\/?s={search_term_string}\"},\"query-input\":\"required name=search_term_string\"}],\"inLanguage\":\"pt-BR\"},{\"@type\":\"Organization\",\"@id\":\"https:\/\/tiradentes.net\/01\/#organization\",\"name\":\"Tiradentes.Net: o portal de Tiradentes-MG e regi\u00e3o\",\"url\":\"https:\/\/tiradentes.net\/01\/\",\"sameAs\":[],\"logo\":{\"@type\":\"ImageObject\",\"inLanguage\":\"pt-BR\",\"@id\":\"https:\/\/tiradentes.net\/01\/#\/schema\/logo\/image\/\",\"url\":\"https:\/\/tiradentes.net\/01\/wp-content\/uploads\/2021\/01\/LOGO2.png\",\"contentUrl\":\"https:\/\/tiradentes.net\/01\/wp-content\/uploads\/2021\/01\/LOGO2.png\",\"width\":250,\"height\":185,\"caption\":\"Tiradentes.Net: o portal de Tiradentes-MG e regi\u00e3o\"},\"image\":{\"@id\":\"https:\/\/tiradentes.net\/01\/#\/schema\/logo\/image\/\"}}]}<\/script>\n<!-- \/ Yoast SEO plugin. -->","yoast_head_json":{"title":"Entre em contato - Tiradentes.Net: o portal de Tiradentes-MG e regi\u00e3o","robots":{"index":"index","follow":"follow","max-snippet":"max-snippet:-1","max-image-preview":"max-image-preview:large","max-video-preview":"max-video-preview:-1"},"canonical":"https:\/\/tiradentes.net\/01\/contact-us\/","og_locale":"pt_BR","og_type":"article","og_title":"Entre em contato - Tiradentes.Net: o portal de Tiradentes-MG e regi\u00e3o","og_url":"https:\/\/tiradentes.net\/01\/contact-us\/","og_site_name":"Tiradentes.Net: o portal de Tiradentes-MG e regi\u00e3o","article_modified_time":"2021-02-04T03:39:11+00:00","twitter_card":"summary_large_image","schema":{"@context":"https:\/\/schema.org","@graph":[{"@type":"WebPage","@id":"https:\/\/tiradentes.net\/01\/contact-us\/","url":"https:\/\/tiradentes.net\/01\/contact-us\/","name":"Entre em contato - Tiradentes.Net: o portal de Tiradentes-MG e regi\u00e3o","isPartOf":{"@id":"https:\/\/tiradentes.net\/01\/#website"},"datePublished":"2018-11-15T09:11:41+00:00","dateModified":"2021-02-04T03:39:11+00:00","breadcrumb":{"@id":"https:\/\/tiradentes.net\/01\/contact-us\/#breadcrumb"},"inLanguage":"pt-BR","potentialAction":[{"@type":"ReadAction","target":["https:\/\/tiradentes.net\/01\/contact-us\/"]}]},{"@type":"BreadcrumbList","@id":"https:\/\/tiradentes.net\/01\/contact-us\/#breadcrumb","itemListElement":[{"@type":"ListItem","position":1,"name":"In\u00edcio","item":"https:\/\/tiradentes.net\/01\/"},{"@type":"ListItem","position":2,"name":"Entre em contato"}]},{"@type":"WebSite","@id":"https:\/\/tiradentes.net\/01\/#website","url":"https:\/\/tiradentes.net\/01\/","name":"Tiradentes.Net: o portal de Tiradentes-MG e regi\u00e3o","description":"Tudo sobre Tiradentes-MG e regi\u00e3o. Not\u00edcias e informa\u00e7\u00f5es para planejar sua viagem: Hot\u00e9is e pousadas, restaurantes, atra\u00e7\u00f5es, com\u00e9rcio e servi\u00e7os relaicionados \u00e0 Tiradentes-MG e regi\u00e3o","publisher":{"@id":"https:\/\/tiradentes.net\/01\/#organization"},"potentialAction":[{"@type":"SearchAction","target":{"@type":"EntryPoint","urlTemplate":"https:\/\/tiradentes.net\/01\/?s={search_term_string}"},"query-input":"required name=search_term_string"}],"inLanguage":"pt-BR"},{"@type":"Organization","@id":"https:\/\/tiradentes.net\/01\/#organization","name":"Tiradentes.Net: o portal de Tiradentes-MG e regi\u00e3o","url":"https:\/\/tiradentes.net\/01\/","sameAs":[],"logo":{"@type":"ImageObject","inLanguage":"pt-BR","@id":"https:\/\/tiradentes.net\/01\/#\/schema\/logo\/image\/","url":"https:\/\/tiradentes.net\/01\/wp-content\/uploads\/2021\/01\/LOGO2.png","contentUrl":"https:\/\/tiradentes.net\/01\/wp-content\/uploads\/2021\/01\/LOGO2.png","width":250,"height":185,"caption":"Tiradentes.Net: o portal de Tiradentes-MG e regi\u00e3o"},"image":{"@id":"https:\/\/tiradentes.net\/01\/#\/schema\/logo\/image\/"}}]}},"_links":{"self":[{"href":"https:\/\/tiradentes.net\/01\/wp-json\/wp\/v2\/pages\/406"}],"collection":[{"href":"https:\/\/tiradentes.net\/01\/wp-json\/wp\/v2\/pages"}],"about":[{"href":"https:\/\/tiradentes.net\/01\/wp-json\/wp\/v2\/types\/page"}],"author":[{"embeddable":true,"href":"https:\/\/tiradentes.net\/01\/wp-json\/wp\/v2\/users\/1"}],"replies":[{"embeddable":true,"href":"https:\/\/tiradentes.net\/01\/wp-json\/wp\/v2\/comments?post=406"}],"version-history":[{"count":0,"href":"https:\/\/tiradentes.net\/01\/wp-json\/wp\/v2\/pages\/406\/revisions"}],"wp:attachment":[{"href":"https:\/\/tiradentes.net\/01\/wp-json\/wp\/v2\/media?parent=406"}],"curies":[{"name":"wp","href":"https:\/\/api.w.org\/{rel}","templated":true}]}}